{"id":195,"date":"2022-08-15T00:28:26","date_gmt":"2022-08-14T22:28:26","guid":{"rendered":"http:\/\/collegiaps.cluster007.ovh.net\/gite\/?page_id=195"},"modified":"2025-04-24T21:36:44","modified_gmt":"2025-04-24T19:36:44","slug":"tarifs","status":"publish","type":"page","link":"http:\/\/gite-barroux.fr\/index.php\/tarifs\/","title":{"rendered":"Tarifs"},"content":{"rendered":"\n<h2 class=\"wp-block-heading\"><strong>Tarifs :<\/strong><\/h2>\n\n\n\n<figure class=\"wp-block-table\"><table><tbody><tr><td>Haute saison :<br>(minimum 6 nuits)<\/td><td><em>juillet &amp; ao\u00fbt<\/em><\/td><td><strong>230\u20ac<\/strong> par nuit<br><strong>1380\u20ac <\/strong>pour 7 nuits (remise 230\u20ac)<br><strong>2700\u20ac<\/strong> pour 14 nuits (remise 520\u20ac)<\/td><\/tr><tr><td>Moyenne saison :<br>(minimum 5 nuits)<\/td><td><em>mai &amp; juin<br>septembre<br>d\u00e9cembre<\/em><\/td><td><strong><strong>180\u20ac<\/strong> <\/strong>par nuit<strong><br><strong>1080\u20ac <\/strong><\/strong>pour 7 nuits (remise 180\u20ac)<strong><br><strong>2160\u20ac<\/strong> <\/strong>pour 14 nuits (remise 360\u20ac)<\/td><\/tr><tr><td>Basse saison :<br>(minimum 3 nuits)<\/td><td><em>octobre &amp; novembre<br>janvier \u00e0 avril<\/em><\/td><td><strong><strong>150\u20ac<\/strong> <\/strong>par nuit<strong><br><strong>900\u20ac <\/strong><\/strong>pour 7 nuits (remise 150\u20ac)<strong><br><strong>1800\u20ac<\/strong> <\/strong>pour 14 nuits (remise 300\u20ac)<\/td><\/tr><\/tbody><\/table><\/figure>\n\n\n\n<p>Taxe de s\u00e9jour de 1\u20ac \/ jour \/ adulte en suppl\u00e9ment.<\/p>\n\n\n\n<p>Option m\u00e9nage : 75\u20ac<\/p>\n\n\n\n<p>Option draps : 20\u20ac\/adulte, 15\u20ac\/enfant<\/p>\n\n\n\n<p>Arriv\u00e9e le samedi ou dimanche, d\u00e9part le vendredi ou samedi en haute saison.<\/p>\n\n\n\n<p><em>Chauffage inclus en saison de chauffe : po\u00eale \u00e0 granul\u00e9s et radiateurs \u00e9lectriques \u00e0 inertie.<\/em><\/p>\n\n\n\n<p><em>R\u00e9servation avec paiement d&rsquo;arrhes (30% du prix de la location).<\/em><\/p>\n\n\n\n<p>L&rsquo;\u00e9ventuel&nbsp;<strong>solde<\/strong>&nbsp;est d\u00fb \u00e0 votre arriv\u00e9e soit par virement, soit par ch\u00e8que ou esp\u00e8ces. Il inclut la taxe de s\u00e9jour de 1 \u20ac par adulte et par nuit et les frais d&rsquo;\u00e9lectricit\u00e9 et d&rsquo;eau.<\/p>\n\n\n\n<p><strong>Un ch\u00e8que de caution<\/strong>&nbsp;de 300 \u20ac&nbsp; est aussi \u00e0 remettre d\u00e8s votre arriv\u00e9e. Il vous sera restitu\u00e9 \u00e0 votre d\u00e9part, s&rsquo;il n&rsquo;y a pas eu de casse ou de d\u00e9g\u00e2t.<\/p>\n","protected":false},"excerpt":{"rendered":"<p>Tarifs : Haute saison :(minimum 6 nuits) juillet &amp; ao\u00fbt 230\u20ac par nuit1380\u20ac pour 7 nuits (remise 230\u20ac)2700\u20ac pour 14 nuits (remise 520\u20ac) Moyenne saison :(minimum 5 nuits) mai &amp; juinseptembred\u00e9cembre 180\u20ac par nuit1080\u20ac pour 7 nuits (remise 180\u20ac)2160\u20ac pour 14 nuits (remise 360\u20ac) Basse saison :(minimum 3 nuits) octobre &amp; novembrejanvier \u00e0 avril 150\u20ac [&hellip;]<\/p>\n","protected":false},"author":1,"featured_media":0,"parent":0,"menu_order":0,"comment_status":"closed","ping_status":"closed","template":"","meta":{"footnotes":""},"class_list":["post-195","page","type-page","status-publish","hentry"],"yoast_head":"<!-- This site is optimized with the Yoast SEO plugin v27.5 - https:\/\/yoast.com\/product\/yoast-seo-wordpress\/ -->\n<title>Tarifs - G\u00eete de Bois Long - Le Barroux - Provence<\/title>\n<meta name=\"robots\" content=\"index, follow, max-snippet:-1, max-image-preview:large, max-video-preview:-1\" \/>\n<link rel=\"canonical\" href=\"http:\/\/gite-barroux.fr\/index.php\/tarifs\/\" \/>\n<meta property=\"og:locale\" content=\"fr_FR\" \/>\n<meta property=\"og:type\" content=\"article\" \/>\n<meta property=\"og:title\" content=\"Tarifs - G\u00eete de Bois Long - Le Barroux - Provence\" \/>\n<meta property=\"og:description\" content=\"Tarifs : Haute saison :(minimum 6 nuits) juillet &amp; ao\u00fbt 230\u20ac par nuit1380\u20ac pour 7 nuits (remise 230\u20ac)2700\u20ac pour 14 nuits (remise 520\u20ac) Moyenne saison :(minimum 5 nuits) mai &amp; juinseptembred\u00e9cembre 180\u20ac par nuit1080\u20ac pour 7 nuits (remise 180\u20ac)2160\u20ac pour 14 nuits (remise 360\u20ac) Basse saison :(minimum 3 nuits) octobre &amp; novembrejanvier \u00e0 avril 150\u20ac [&hellip;]\" \/>\n<meta property=\"og:url\" content=\"http:\/\/gite-barroux.fr\/index.php\/tarifs\/\" \/>\n<meta property=\"og:site_name\" content=\"G\u00eete de Bois Long - Le Barroux - Provence\" \/>\n<meta property=\"article:modified_time\" content=\"2025-04-24T19:36:44+00:00\" \/>\n<meta name=\"twitter:card\" content=\"summary_large_image\" \/>\n<meta name=\"twitter:label1\" content=\"Dur\u00e9e de lecture estim\u00e9e\" \/>\n\t<meta name=\"twitter:data1\" content=\"1 minute\" \/>\n<script type=\"application\/ld+json\" class=\"yoast-schema-graph\">{\"@context\":\"https:\\\/\\\/schema.org\",\"@graph\":[{\"@type\":\"WebPage\",\"@id\":\"http:\\\/\\\/gite-barroux.fr\\\/index.php\\\/tarifs\\\/\",\"url\":\"http:\\\/\\\/gite-barroux.fr\\\/index.php\\\/tarifs\\\/\",\"name\":\"Tarifs - G\u00eete de Bois Long - Le Barroux - Provence\",\"isPartOf\":{\"@id\":\"https:\\\/\\\/gite-barroux.fr\\\/#website\"},\"datePublished\":\"2022-08-14T22:28:26+00:00\",\"dateModified\":\"2025-04-24T19:36:44+00:00\",\"breadcrumb\":{\"@id\":\"http:\\\/\\\/gite-barroux.fr\\\/index.php\\\/tarifs\\\/#breadcrumb\"},\"inLanguage\":\"fr-FR\",\"potentialAction\":[{\"@type\":\"ReadAction\",\"target\":[\"http:\\\/\\\/gite-barroux.fr\\\/index.php\\\/tarifs\\\/\"]}]},{\"@type\":\"BreadcrumbList\",\"@id\":\"http:\\\/\\\/gite-barroux.fr\\\/index.php\\\/tarifs\\\/#breadcrumb\",\"itemListElement\":[{\"@type\":\"ListItem\",\"position\":1,\"name\":\"Accueil\",\"item\":\"https:\\\/\\\/gite-barroux.fr\\\/\"},{\"@type\":\"ListItem\",\"position\":2,\"name\":\"Tarifs\"}]},{\"@type\":\"WebSite\",\"@id\":\"https:\\\/\\\/gite-barroux.fr\\\/#website\",\"url\":\"https:\\\/\\\/gite-barroux.fr\\\/\",\"name\":\"G\u00eete de Bois Long - Le Barroux - Provence\",\"description\":\"H\u00e9bergement en Provence, au pied de l&#039;Abbaye du Barroux, entre le Mont Ventoux et les Dentelles de Montmirail\",\"publisher\":{\"@id\":\"https:\\\/\\\/gite-barroux.fr\\\/#organization\"},\"potentialAction\":[{\"@type\":\"SearchAction\",\"target\":{\"@type\":\"EntryPoint\",\"urlTemplate\":\"https:\\\/\\\/gite-barroux.fr\\\/?s={search_term_string}\"},\"query-input\":{\"@type\":\"PropertyValueSpecification\",\"valueRequired\":true,\"valueName\":\"search_term_string\"}}],\"inLanguage\":\"fr-FR\"},{\"@type\":\"Organization\",\"@id\":\"https:\\\/\\\/gite-barroux.fr\\\/#organization\",\"name\":\"G\u00eete de Bois Long\",\"url\":\"https:\\\/\\\/gite-barroux.fr\\\/\",\"logo\":{\"@type\":\"ImageObject\",\"inLanguage\":\"fr-FR\",\"@id\":\"https:\\\/\\\/gite-barroux.fr\\\/#\\\/schema\\\/logo\\\/image\\\/\",\"url\":\"http:\\\/\\\/gite-barroux.fr\\\/wp-content\\\/uploads\\\/2022\\\/08\\\/3-etoiles-meuble-de-tourisme.png\",\"contentUrl\":\"http:\\\/\\\/gite-barroux.fr\\\/wp-content\\\/uploads\\\/2022\\\/08\\\/3-etoiles-meuble-de-tourisme.png\",\"width\":300,\"height\":150,\"caption\":\"G\u00eete de Bois Long\"},\"image\":{\"@id\":\"https:\\\/\\\/gite-barroux.fr\\\/#\\\/schema\\\/logo\\\/image\\\/\"}}]}<\/script>\n<!-- \/ Yoast SEO plugin. -->","yoast_head_json":{"title":"Tarifs - G\u00eete de Bois Long - Le Barroux - Provence","robots":{"index":"index","follow":"follow","max-snippet":"max-snippet:-1","max-image-preview":"max-image-preview:large","max-video-preview":"max-video-preview:-1"},"canonical":"http:\/\/gite-barroux.fr\/index.php\/tarifs\/","og_locale":"fr_FR","og_type":"article","og_title":"Tarifs - G\u00eete de Bois Long - Le Barroux - Provence","og_description":"Tarifs : Haute saison :(minimum 6 nuits) juillet &amp; ao\u00fbt 230\u20ac par nuit1380\u20ac pour 7 nuits (remise 230\u20ac)2700\u20ac pour 14 nuits (remise 520\u20ac) Moyenne saison :(minimum 5 nuits) mai &amp; juinseptembred\u00e9cembre 180\u20ac par nuit1080\u20ac pour 7 nuits (remise 180\u20ac)2160\u20ac pour 14 nuits (remise 360\u20ac) Basse saison :(minimum 3 nuits) octobre &amp; novembrejanvier \u00e0 avril 150\u20ac [&hellip;]","og_url":"http:\/\/gite-barroux.fr\/index.php\/tarifs\/","og_site_name":"G\u00eete de Bois Long - Le Barroux - Provence","article_modified_time":"2025-04-24T19:36:44+00:00","twitter_card":"summary_large_image","twitter_misc":{"Dur\u00e9e de lecture estim\u00e9e":"1 minute"},"schema":{"@context":"https:\/\/schema.org","@graph":[{"@type":"WebPage","@id":"http:\/\/gite-barroux.fr\/index.php\/tarifs\/","url":"http:\/\/gite-barroux.fr\/index.php\/tarifs\/","name":"Tarifs - G\u00eete de Bois Long - Le Barroux - Provence","isPartOf":{"@id":"https:\/\/gite-barroux.fr\/#website"},"datePublished":"2022-08-14T22:28:26+00:00","dateModified":"2025-04-24T19:36:44+00:00","breadcrumb":{"@id":"http:\/\/gite-barroux.fr\/index.php\/tarifs\/#breadcrumb"},"inLanguage":"fr-FR","potentialAction":[{"@type":"ReadAction","target":["http:\/\/gite-barroux.fr\/index.php\/tarifs\/"]}]},{"@type":"BreadcrumbList","@id":"http:\/\/gite-barroux.fr\/index.php\/tarifs\/#breadcrumb","itemListElement":[{"@type":"ListItem","position":1,"name":"Accueil","item":"https:\/\/gite-barroux.fr\/"},{"@type":"ListItem","position":2,"name":"Tarifs"}]},{"@type":"WebSite","@id":"https:\/\/gite-barroux.fr\/#website","url":"https:\/\/gite-barroux.fr\/","name":"G\u00eete de Bois Long - Le Barroux - Provence","description":"H\u00e9bergement en Provence, au pied de l&#039;Abbaye du Barroux, entre le Mont Ventoux et les Dentelles de Montmirail","publisher":{"@id":"https:\/\/gite-barroux.fr\/#organization"},"potentialAction":[{"@type":"SearchAction","target":{"@type":"EntryPoint","urlTemplate":"https:\/\/gite-barroux.fr\/?s={search_term_string}"},"query-input":{"@type":"PropertyValueSpecification","valueRequired":true,"valueName":"search_term_string"}}],"inLanguage":"fr-FR"},{"@type":"Organization","@id":"https:\/\/gite-barroux.fr\/#organization","name":"G\u00eete de Bois Long","url":"https:\/\/gite-barroux.fr\/","logo":{"@type":"ImageObject","inLanguage":"fr-FR","@id":"https:\/\/gite-barroux.fr\/#\/schema\/logo\/image\/","url":"http:\/\/gite-barroux.fr\/wp-content\/uploads\/2022\/08\/3-etoiles-meuble-de-tourisme.png","contentUrl":"http:\/\/gite-barroux.fr\/wp-content\/uploads\/2022\/08\/3-etoiles-meuble-de-tourisme.png","width":300,"height":150,"caption":"G\u00eete de Bois Long"},"image":{"@id":"https:\/\/gite-barroux.fr\/#\/schema\/logo\/image\/"}}]}},"_links":{"self":[{"href":"http:\/\/gite-barroux.fr\/index.php\/wp-json\/wp\/v2\/pages\/195","targetHints":{"allow":["GET"]}}],"collection":[{"href":"http:\/\/gite-barroux.fr\/index.php\/wp-json\/wp\/v2\/pages"}],"about":[{"href":"http:\/\/gite-barroux.fr\/index.php\/wp-json\/wp\/v2\/types\/page"}],"author":[{"embeddable":true,"href":"http:\/\/gite-barroux.fr\/index.php\/wp-json\/wp\/v2\/users\/1"}],"replies":[{"embeddable":true,"href":"http:\/\/gite-barroux.fr\/index.php\/wp-json\/wp\/v2\/comments?post=195"}],"version-history":[{"count":40,"href":"http:\/\/gite-barroux.fr\/index.php\/wp-json\/wp\/v2\/pages\/195\/revisions"}],"predecessor-version":[{"id":542,"href":"http:\/\/gite-barroux.fr\/index.php\/wp-json\/wp\/v2\/pages\/195\/revisions\/542"}],"wp:attachment":[{"href":"http:\/\/gite-barroux.fr\/index.php\/wp-json\/wp\/v2\/media?parent=195"}],"curies":[{"name":"wp","href":"https:\/\/api.w.org\/{rel}","templated":true}]}}