{"id":109,"date":"2022-08-14T13:49:11","date_gmt":"2022-08-14T13:49:11","guid":{"rendered":"http:\/\/collegiaps.cluster007.ovh.net\/gite\/?page_id=109"},"modified":"2025-04-24T21:40:28","modified_gmt":"2025-04-24T19:40:28","slug":"reservation","status":"publish","type":"page","link":"http:\/\/gite-barroux.fr\/index.php\/reservation\/","title":{"rendered":"R\u00e9servation"},"content":{"rendered":"\n","protected":false},"excerpt":{"rendered":"","protected":false},"author":1,"featured_media":278,"parent":0,"menu_order":0,"comment_status":"closed","ping_status":"open","template":"","meta":{"footnotes":""},"class_list":["post-109","page","type-page","status-publish","has-post-thumbnail","hentry"],"yoast_head":"<!-- This site is optimized with the Yoast SEO plugin v27.4 - https:\/\/yoast.com\/product\/yoast-seo-wordpress\/ -->\n<title>R\u00e9servation - G\u00eete de Bois Long - Le Barroux - Provence<\/title>\n<meta name=\"description\" content=\"Formulaire de r\u00e9servation du G\u00eete de Bois Long. Modalit\u00e9s : Arriv\u00e9e le samedi apr\u00e8s-midi\u00a0\u00e0 partir de 16 h. D\u00e9part le samedi matin avant 9 h, avec possibilit\u00e9 de laisser des valises jusqu\u2019\u00e0 11 h sous l\u2019auvent. Les propri\u00e9taires habitent \u00e0 150 m du g\u00eete, g\u00e8rent les r\u00e9servations et vous accueillent. Ils sont \u00e0 votre disposition pour toute question suppl\u00e9mentaire, soit par courriel, soit par t\u00e9l\u00e9phone.\" \/>\n<meta name=\"robots\" content=\"index, follow, max-snippet:-1, max-image-preview:large, max-video-preview:-1\" \/>\n<link rel=\"canonical\" href=\"https:\/\/gite-barroux.fr\/index.php\/reservation\/\" \/>\n<meta property=\"og:locale\" content=\"fr_FR\" \/>\n<meta property=\"og:type\" content=\"article\" \/>\n<meta property=\"og:title\" content=\"R\u00e9servation - G\u00eete de Bois Long - Le Barroux - Provence\" \/>\n<meta property=\"og:description\" content=\"Formulaire de r\u00e9servation du G\u00eete de Bois Long. Modalit\u00e9s : Arriv\u00e9e le samedi apr\u00e8s-midi\u00a0\u00e0 partir de 16 h. D\u00e9part le samedi matin avant 9 h, avec possibilit\u00e9 de laisser des valises jusqu\u2019\u00e0 11 h sous l\u2019auvent. Les propri\u00e9taires habitent \u00e0 150 m du g\u00eete, g\u00e8rent les r\u00e9servations et vous accueillent. Ils sont \u00e0 votre disposition pour toute question suppl\u00e9mentaire, soit par courriel, soit par t\u00e9l\u00e9phone.\" \/>\n<meta property=\"og:url\" content=\"https:\/\/gite-barroux.fr\/index.php\/reservation\/\" \/>\n<meta property=\"og:site_name\" content=\"G\u00eete de Bois Long - Le Barroux - Provence\" \/>\n<meta property=\"article:modified_time\" content=\"2025-04-24T19:40:28+00:00\" \/>\n<meta property=\"og:image\" content=\"https:\/\/gite-barroux.fr\/wp-content\/uploads\/2022\/08\/sault-1.jpg\" \/>\n\t<meta property=\"og:image:width\" content=\"1679\" \/>\n\t<meta property=\"og:image:height\" content=\"367\" \/>\n\t<meta property=\"og:image:type\" content=\"image\/jpeg\" \/>\n<meta name=\"twitter:card\" content=\"summary_large_image\" \/>\n<meta name=\"twitter:label1\" content=\"Dur\u00e9e de lecture estim\u00e9e\" \/>\n\t<meta name=\"twitter:data1\" content=\"1 minute\" \/>\n<script type=\"application\/ld+json\" class=\"yoast-schema-graph\">{\"@context\":\"https:\\\/\\\/schema.org\",\"@graph\":[{\"@type\":\"WebPage\",\"@id\":\"https:\\\/\\\/gite-barroux.fr\\\/index.php\\\/reservation\\\/\",\"url\":\"https:\\\/\\\/gite-barroux.fr\\\/index.php\\\/reservation\\\/\",\"name\":\"R\u00e9servation - G\u00eete de Bois Long - Le Barroux - Provence\",\"isPartOf\":{\"@id\":\"https:\\\/\\\/gite-barroux.fr\\\/#website\"},\"primaryImageOfPage\":{\"@id\":\"https:\\\/\\\/gite-barroux.fr\\\/index.php\\\/reservation\\\/#primaryimage\"},\"image\":{\"@id\":\"https:\\\/\\\/gite-barroux.fr\\\/index.php\\\/reservation\\\/#primaryimage\"},\"thumbnailUrl\":\"http:\\\/\\\/gite-barroux.fr\\\/wp-content\\\/uploads\\\/2022\\\/08\\\/sault-1.jpg\",\"datePublished\":\"2022-08-14T13:49:11+00:00\",\"dateModified\":\"2025-04-24T19:40:28+00:00\",\"description\":\"Formulaire de r\u00e9servation du G\u00eete de Bois Long. Modalit\u00e9s : Arriv\u00e9e le samedi apr\u00e8s-midi\u00a0\u00e0 partir de 16 h. D\u00e9part le samedi matin avant 9 h, avec possibilit\u00e9 de laisser des valises jusqu\u2019\u00e0 11 h sous l\u2019auvent. Les propri\u00e9taires habitent \u00e0 150 m du g\u00eete, g\u00e8rent les r\u00e9servations et vous accueillent. Ils sont \u00e0 votre disposition pour toute question suppl\u00e9mentaire, soit par courriel, soit par t\u00e9l\u00e9phone.\",\"breadcrumb\":{\"@id\":\"https:\\\/\\\/gite-barroux.fr\\\/index.php\\\/reservation\\\/#breadcrumb\"},\"inLanguage\":\"fr-FR\",\"potentialAction\":[{\"@type\":\"ReadAction\",\"target\":[\"https:\\\/\\\/gite-barroux.fr\\\/index.php\\\/reservation\\\/\"]}]},{\"@type\":\"ImageObject\",\"inLanguage\":\"fr-FR\",\"@id\":\"https:\\\/\\\/gite-barroux.fr\\\/index.php\\\/reservation\\\/#primaryimage\",\"url\":\"http:\\\/\\\/gite-barroux.fr\\\/wp-content\\\/uploads\\\/2022\\\/08\\\/sault-1.jpg\",\"contentUrl\":\"http:\\\/\\\/gite-barroux.fr\\\/wp-content\\\/uploads\\\/2022\\\/08\\\/sault-1.jpg\",\"width\":1679,\"height\":367},{\"@type\":\"BreadcrumbList\",\"@id\":\"https:\\\/\\\/gite-barroux.fr\\\/index.php\\\/reservation\\\/#breadcrumb\",\"itemListElement\":[{\"@type\":\"ListItem\",\"position\":1,\"name\":\"Accueil\",\"item\":\"http:\\\/\\\/gite-barroux.fr\\\/\"},{\"@type\":\"ListItem\",\"position\":2,\"name\":\"R\u00e9servation\"}]},{\"@type\":\"WebSite\",\"@id\":\"https:\\\/\\\/gite-barroux.fr\\\/#website\",\"url\":\"https:\\\/\\\/gite-barroux.fr\\\/\",\"name\":\"G\u00eete de Bois Long - Le Barroux - Provence\",\"description\":\"H\u00e9bergement en Provence, au pied de l&#039;Abbaye du Barroux, entre le Mont Ventoux et les Dentelles de Montmirail\",\"publisher\":{\"@id\":\"https:\\\/\\\/gite-barroux.fr\\\/#organization\"},\"potentialAction\":[{\"@type\":\"SearchAction\",\"target\":{\"@type\":\"EntryPoint\",\"urlTemplate\":\"https:\\\/\\\/gite-barroux.fr\\\/?s={search_term_string}\"},\"query-input\":{\"@type\":\"PropertyValueSpecification\",\"valueRequired\":true,\"valueName\":\"search_term_string\"}}],\"inLanguage\":\"fr-FR\"},{\"@type\":\"Organization\",\"@id\":\"https:\\\/\\\/gite-barroux.fr\\\/#organization\",\"name\":\"G\u00eete de Bois Long\",\"url\":\"https:\\\/\\\/gite-barroux.fr\\\/\",\"logo\":{\"@type\":\"ImageObject\",\"inLanguage\":\"fr-FR\",\"@id\":\"https:\\\/\\\/gite-barroux.fr\\\/#\\\/schema\\\/logo\\\/image\\\/\",\"url\":\"http:\\\/\\\/gite-barroux.fr\\\/wp-content\\\/uploads\\\/2022\\\/08\\\/3-etoiles-meuble-de-tourisme.png\",\"contentUrl\":\"http:\\\/\\\/gite-barroux.fr\\\/wp-content\\\/uploads\\\/2022\\\/08\\\/3-etoiles-meuble-de-tourisme.png\",\"width\":300,\"height\":150,\"caption\":\"G\u00eete de Bois Long\"},\"image\":{\"@id\":\"https:\\\/\\\/gite-barroux.fr\\\/#\\\/schema\\\/logo\\\/image\\\/\"}}]}<\/script>\n<!-- \/ Yoast SEO plugin. -->","yoast_head_json":{"title":"R\u00e9servation - G\u00eete de Bois Long - Le Barroux - Provence","description":"Formulaire de r\u00e9servation du G\u00eete de Bois Long. Modalit\u00e9s : Arriv\u00e9e le samedi apr\u00e8s-midi\u00a0\u00e0 partir de 16 h. D\u00e9part le samedi matin avant 9 h, avec possibilit\u00e9 de laisser des valises jusqu\u2019\u00e0 11 h sous l\u2019auvent. Les propri\u00e9taires habitent \u00e0 150 m du g\u00eete, g\u00e8rent les r\u00e9servations et vous accueillent. Ils sont \u00e0 votre disposition pour toute question suppl\u00e9mentaire, soit par courriel, soit par t\u00e9l\u00e9phone.","robots":{"index":"index","follow":"follow","max-snippet":"max-snippet:-1","max-image-preview":"max-image-preview:large","max-video-preview":"max-video-preview:-1"},"canonical":"https:\/\/gite-barroux.fr\/index.php\/reservation\/","og_locale":"fr_FR","og_type":"article","og_title":"R\u00e9servation - G\u00eete de Bois Long - Le Barroux - Provence","og_description":"Formulaire de r\u00e9servation du G\u00eete de Bois Long. Modalit\u00e9s : Arriv\u00e9e le samedi apr\u00e8s-midi\u00a0\u00e0 partir de 16 h. D\u00e9part le samedi matin avant 9 h, avec possibilit\u00e9 de laisser des valises jusqu\u2019\u00e0 11 h sous l\u2019auvent. Les propri\u00e9taires habitent \u00e0 150 m du g\u00eete, g\u00e8rent les r\u00e9servations et vous accueillent. Ils sont \u00e0 votre disposition pour toute question suppl\u00e9mentaire, soit par courriel, soit par t\u00e9l\u00e9phone.","og_url":"https:\/\/gite-barroux.fr\/index.php\/reservation\/","og_site_name":"G\u00eete de Bois Long - Le Barroux - Provence","article_modified_time":"2025-04-24T19:40:28+00:00","og_image":[{"width":1679,"height":367,"url":"https:\/\/gite-barroux.fr\/wp-content\/uploads\/2022\/08\/sault-1.jpg","type":"image\/jpeg"}],"twitter_card":"summary_large_image","twitter_misc":{"Dur\u00e9e de lecture estim\u00e9e":"1 minute"},"schema":{"@context":"https:\/\/schema.org","@graph":[{"@type":"WebPage","@id":"https:\/\/gite-barroux.fr\/index.php\/reservation\/","url":"https:\/\/gite-barroux.fr\/index.php\/reservation\/","name":"R\u00e9servation - G\u00eete de Bois Long - Le Barroux - Provence","isPartOf":{"@id":"https:\/\/gite-barroux.fr\/#website"},"primaryImageOfPage":{"@id":"https:\/\/gite-barroux.fr\/index.php\/reservation\/#primaryimage"},"image":{"@id":"https:\/\/gite-barroux.fr\/index.php\/reservation\/#primaryimage"},"thumbnailUrl":"http:\/\/gite-barroux.fr\/wp-content\/uploads\/2022\/08\/sault-1.jpg","datePublished":"2022-08-14T13:49:11+00:00","dateModified":"2025-04-24T19:40:28+00:00","description":"Formulaire de r\u00e9servation du G\u00eete de Bois Long. Modalit\u00e9s : Arriv\u00e9e le samedi apr\u00e8s-midi\u00a0\u00e0 partir de 16 h. D\u00e9part le samedi matin avant 9 h, avec possibilit\u00e9 de laisser des valises jusqu\u2019\u00e0 11 h sous l\u2019auvent. Les propri\u00e9taires habitent \u00e0 150 m du g\u00eete, g\u00e8rent les r\u00e9servations et vous accueillent. Ils sont \u00e0 votre disposition pour toute question suppl\u00e9mentaire, soit par courriel, soit par t\u00e9l\u00e9phone.","breadcrumb":{"@id":"https:\/\/gite-barroux.fr\/index.php\/reservation\/#breadcrumb"},"inLanguage":"fr-FR","potentialAction":[{"@type":"ReadAction","target":["https:\/\/gite-barroux.fr\/index.php\/reservation\/"]}]},{"@type":"ImageObject","inLanguage":"fr-FR","@id":"https:\/\/gite-barroux.fr\/index.php\/reservation\/#primaryimage","url":"http:\/\/gite-barroux.fr\/wp-content\/uploads\/2022\/08\/sault-1.jpg","contentUrl":"http:\/\/gite-barroux.fr\/wp-content\/uploads\/2022\/08\/sault-1.jpg","width":1679,"height":367},{"@type":"BreadcrumbList","@id":"https:\/\/gite-barroux.fr\/index.php\/reservation\/#breadcrumb","itemListElement":[{"@type":"ListItem","position":1,"name":"Accueil","item":"http:\/\/gite-barroux.fr\/"},{"@type":"ListItem","position":2,"name":"R\u00e9servation"}]},{"@type":"WebSite","@id":"https:\/\/gite-barroux.fr\/#website","url":"https:\/\/gite-barroux.fr\/","name":"G\u00eete de Bois Long - Le Barroux - Provence","description":"H\u00e9bergement en Provence, au pied de l&#039;Abbaye du Barroux, entre le Mont Ventoux et les Dentelles de Montmirail","publisher":{"@id":"https:\/\/gite-barroux.fr\/#organization"},"potentialAction":[{"@type":"SearchAction","target":{"@type":"EntryPoint","urlTemplate":"https:\/\/gite-barroux.fr\/?s={search_term_string}"},"query-input":{"@type":"PropertyValueSpecification","valueRequired":true,"valueName":"search_term_string"}}],"inLanguage":"fr-FR"},{"@type":"Organization","@id":"https:\/\/gite-barroux.fr\/#organization","name":"G\u00eete de Bois Long","url":"https:\/\/gite-barroux.fr\/","logo":{"@type":"ImageObject","inLanguage":"fr-FR","@id":"https:\/\/gite-barroux.fr\/#\/schema\/logo\/image\/","url":"http:\/\/gite-barroux.fr\/wp-content\/uploads\/2022\/08\/3-etoiles-meuble-de-tourisme.png","contentUrl":"http:\/\/gite-barroux.fr\/wp-content\/uploads\/2022\/08\/3-etoiles-meuble-de-tourisme.png","width":300,"height":150,"caption":"G\u00eete de Bois Long"},"image":{"@id":"https:\/\/gite-barroux.fr\/#\/schema\/logo\/image\/"}}]}},"_links":{"self":[{"href":"http:\/\/gite-barroux.fr\/index.php\/wp-json\/wp\/v2\/pages\/109","targetHints":{"allow":["GET"]}}],"collection":[{"href":"http:\/\/gite-barroux.fr\/index.php\/wp-json\/wp\/v2\/pages"}],"about":[{"href":"http:\/\/gite-barroux.fr\/index.php\/wp-json\/wp\/v2\/types\/page"}],"author":[{"embeddable":true,"href":"http:\/\/gite-barroux.fr\/index.php\/wp-json\/wp\/v2\/users\/1"}],"replies":[{"embeddable":true,"href":"http:\/\/gite-barroux.fr\/index.php\/wp-json\/wp\/v2\/comments?post=109"}],"version-history":[{"count":1,"href":"http:\/\/gite-barroux.fr\/index.php\/wp-json\/wp\/v2\/pages\/109\/revisions"}],"predecessor-version":[{"id":159,"href":"http:\/\/gite-barroux.fr\/index.php\/wp-json\/wp\/v2\/pages\/109\/revisions\/159"}],"wp:featuredmedia":[{"embeddable":true,"href":"http:\/\/gite-barroux.fr\/index.php\/wp-json\/wp\/v2\/media\/278"}],"wp:attachment":[{"href":"http:\/\/gite-barroux.fr\/index.php\/wp-json\/wp\/v2\/media?parent=109"}],"curies":[{"name":"wp","href":"https:\/\/api.w.org\/{rel}","templated":true}]}}