{"id":108,"date":"2022-08-14T13:49:11","date_gmt":"2022-08-14T11:49:11","guid":{"rendered":"http:\/\/collegiaps.cluster007.ovh.net\/gite\/?page_id=108"},"modified":"2022-08-15T14:51:36","modified_gmt":"2022-08-15T12:51:36","slug":"loisirs","status":"publish","type":"page","link":"http:\/\/gite-barroux.fr\/index.php\/loisirs\/","title":{"rendered":"Loisirs"},"content":{"rendered":"<ul>\n<li><span style=\"color: #777777;\"><span style=\"font-family: Times New Roman, serif;\"><span style=\"font-size: large;\">Lac du Paty en direction de Caromb<\/span><\/span><\/span><\/li>\n<li><span style=\"color: #777777;\"><span style=\"font-family: Times New Roman, serif;\"><span style=\"font-size: large;\">P\u00eache<\/span><\/span><\/span><\/li>\n<li><span style=\"color: #777777;\"><span style=\"font-family: Times New Roman, serif;\"><span style=\"font-size: large;\">\u00c9quitation \u00e0 l\u2019\u00c9curie des Garances de Malauc\u00e8ne (stages tous niveaux et promenades)<\/span><\/span><\/span><\/li>\n<li><span style=\"color: #777777;\"><span style=\"font-family: Times New Roman, serif;\"><span style=\"font-size: large;\">Randonn\u00e9es p\u00e9destres et tours cyclistes dans le massif du Ventoux, les Dentelles de Montmirail, les monts de Vaucluse, le Lub\u00e9ron&#8230;<\/span><\/span><\/span><\/li>\n<li><span style=\"color: #777777;\"><span style=\"font-family: Times New Roman, serif;\"><span style=\"font-size: large;\">D\u00e9couverte des gorges du Toulourenc et de la source du Groseau \u00e0 Malauc\u00e8ne.<\/span><\/span><\/span><\/li>\n<li><span style=\"color: #777777;\"><span style=\"font-family: Times New Roman, serif;\"><span style=\"font-size: large;\">V\u00e9lo de route &amp; VTT au Mont Ventoux<\/span><\/span><\/span><\/li>\n<li><span style=\"color: #777777;\"><span style=\"font-family: Times New Roman, serif;\"><span style=\"font-size: large;\">Parapente au Mont Ventoux<\/span><\/span><\/span><\/li>\n<li><span style=\"color: #777777;\"><span style=\"font-family: Times New Roman, serif;\"><span style=\"font-size: large;\">Escalade dans les Dentelles de Montmirail<\/span><\/span><\/span><\/li>\n<li><span style=\"color: #777777;\"><span style=\"font-family: Times New Roman, serif;\"><span style=\"font-size: large;\">Thalassoth\u00e9rapie<\/span><\/span><\/span><\/li>\n<li><span style=\"color: #777777;\"><span style=\"font-family: Times New Roman, serif;\"><span style=\"font-size: large;\">Visite des caves du C\u00f4te du Rh\u00f4ne (Gigondas, Vacqu\u00e9yras) et du muscat de Beaumes de Venise (Beaumes, St Hippolyte le Graveyron)<\/span><\/span><\/span><\/li>\n<\/ul>\n\n\n<figure class=\"wp-block-gallery has-nested-images columns-default is-cropped wp-block-gallery-1 is-layout-flex wp-block-gallery-is-layout-flex\">\n<figure class=\"wp-block-image size-large\"><img loading=\"lazy\" decoding=\"async\" width=\"860\" height=\"645\" data-id=\"191\" src=\"http:\/\/collegiaps.cluster007.ovh.net\/gite\/wp-content\/uploads\/2022\/08\/860_ilka_et_aqueduc.webp\" alt=\"\" class=\"wp-image-191\" srcset=\"http:\/\/gite-barroux.fr\/wp-content\/uploads\/2022\/08\/860_ilka_et_aqueduc.webp 860w, http:\/\/gite-barroux.fr\/wp-content\/uploads\/2022\/08\/860_ilka_et_aqueduc-300x225.webp 300w, http:\/\/gite-barroux.fr\/wp-content\/uploads\/2022\/08\/860_ilka_et_aqueduc-768x576.webp 768w\" sizes=\"auto, (max-width: 860px) 100vw, 860px\" \/><figcaption>Aqueduc<\/figcaption><\/figure>\n\n\n\n<figure class=\"wp-block-image size-large\"><img loading=\"lazy\" decoding=\"async\" width=\"527\" height=\"294\" data-id=\"187\" src=\"http:\/\/collegiaps.cluster007.ovh.net\/gite\/wp-content\/uploads\/2022\/08\/860_lav.webp\" alt=\"\" class=\"wp-image-187\" srcset=\"http:\/\/gite-barroux.fr\/wp-content\/uploads\/2022\/08\/860_lav.webp 527w, http:\/\/gite-barroux.fr\/wp-content\/uploads\/2022\/08\/860_lav-300x167.webp 300w\" sizes=\"auto, (max-width: 527px) 100vw, 527px\" \/><figcaption>Lavandes<\/figcaption><\/figure>\n\n\n\n<figure class=\"wp-block-image size-large\"><img loading=\"lazy\" decoding=\"async\" width=\"870\" height=\"489\" data-id=\"189\" src=\"http:\/\/collegiaps.cluster007.ovh.net\/gite\/wp-content\/uploads\/2022\/08\/870x489_abbaye_notre_dame_de_l_annonciation.webp\" alt=\"\" class=\"wp-image-189\" srcset=\"http:\/\/gite-barroux.fr\/wp-content\/uploads\/2022\/08\/870x489_abbaye_notre_dame_de_l_annonciation.webp 870w, http:\/\/gite-barroux.fr\/wp-content\/uploads\/2022\/08\/870x489_abbaye_notre_dame_de_l_annonciation-300x169.webp 300w, http:\/\/gite-barroux.fr\/wp-content\/uploads\/2022\/08\/870x489_abbaye_notre_dame_de_l_annonciation-768x432.webp 768w\" sizes=\"auto, (max-width: 870px) 100vw, 870px\" \/><figcaption>Vignes<\/figcaption><\/figure>\n\n\n\n<figure class=\"wp-block-image size-large\"><img loading=\"lazy\" decoding=\"async\" width=\"769\" height=\"432\" data-id=\"188\" src=\"http:\/\/collegiaps.cluster007.ovh.net\/gite\/wp-content\/uploads\/2022\/08\/870x489_lavande.webp\" alt=\"\" class=\"wp-image-188\" srcset=\"http:\/\/gite-barroux.fr\/wp-content\/uploads\/2022\/08\/870x489_lavande.webp 769w, http:\/\/gite-barroux.fr\/wp-content\/uploads\/2022\/08\/870x489_lavande-300x169.webp 300w\" sizes=\"auto, (max-width: 769px) 100vw, 769px\" \/><figcaption>Bories<\/figcaption><\/figure>\n\n\n\n<figure class=\"wp-block-image size-full\"><img loading=\"lazy\" decoding=\"async\" width=\"600\" height=\"300\" data-id=\"241\" src=\"http:\/\/collegiaps.cluster007.ovh.net\/gite\/wp-content\/uploads\/2022\/08\/velo-ventoux.jpg\" alt=\"\" class=\"wp-image-241\" srcset=\"http:\/\/gite-barroux.fr\/wp-content\/uploads\/2022\/08\/velo-ventoux.jpg 600w, http:\/\/gite-barroux.fr\/wp-content\/uploads\/2022\/08\/velo-ventoux-300x150.jpg 300w\" sizes=\"auto, (max-width: 600px) 100vw, 600px\" \/><figcaption>V\u00e9lo au Mont Ventoux<\/figcaption><\/figure>\n\n\n\n<figure class=\"wp-block-image size-large\"><img loading=\"lazy\" decoding=\"async\" width=\"1800\" height=\"1200\" data-id=\"225\" src=\"http:\/\/collegiaps.cluster007.ovh.net\/gite\/wp-content\/uploads\/2022\/08\/toulourenc.jpg\" alt=\"\" class=\"wp-image-225\" srcset=\"http:\/\/gite-barroux.fr\/wp-content\/uploads\/2022\/08\/toulourenc.jpg 1800w, http:\/\/gite-barroux.fr\/wp-content\/uploads\/2022\/08\/toulourenc-300x200.jpg 300w, http:\/\/gite-barroux.fr\/wp-content\/uploads\/2022\/08\/toulourenc-1024x683.jpg 1024w, http:\/\/gite-barroux.fr\/wp-content\/uploads\/2022\/08\/toulourenc-768x512.jpg 768w, http:\/\/gite-barroux.fr\/wp-content\/uploads\/2022\/08\/toulourenc-1536x1024.jpg 1536w\" sizes=\"auto, (max-width: 1800px) 100vw, 1800px\" \/><figcaption>Promenade aquatique aux gorges du Toulourenc<\/figcaption><\/figure>\n\n\n\n<figure class=\"wp-block-image size-large\"><img loading=\"lazy\" decoding=\"async\" width=\"1800\" height=\"1200\" data-id=\"224\" src=\"http:\/\/collegiaps.cluster007.ovh.net\/gite\/wp-content\/uploads\/2022\/08\/toulourenc-gorges.jpg\" alt=\"\" class=\"wp-image-224\" srcset=\"http:\/\/gite-barroux.fr\/wp-content\/uploads\/2022\/08\/toulourenc-gorges.jpg 1800w, http:\/\/gite-barroux.fr\/wp-content\/uploads\/2022\/08\/toulourenc-gorges-300x200.jpg 300w, http:\/\/gite-barroux.fr\/wp-content\/uploads\/2022\/08\/toulourenc-gorges-1024x683.jpg 1024w, http:\/\/gite-barroux.fr\/wp-content\/uploads\/2022\/08\/toulourenc-gorges-768x512.jpg 768w, http:\/\/gite-barroux.fr\/wp-content\/uploads\/2022\/08\/toulourenc-gorges-1536x1024.jpg 1536w\" sizes=\"auto, (max-width: 1800px) 100vw, 1800px\" \/><figcaption>Gorges du Toulourenc<\/figcaption><\/figure>\n\n\n\n<figure class=\"wp-block-image size-large\"><img loading=\"lazy\" decoding=\"async\" width=\"598\" height=\"865\" data-id=\"190\" src=\"http:\/\/collegiaps.cluster007.ovh.net\/gite\/wp-content\/uploads\/2022\/08\/dentelles-montmirail-escalade-15-1.jpg\" alt=\"\" class=\"wp-image-190\" srcset=\"http:\/\/gite-barroux.fr\/wp-content\/uploads\/2022\/08\/dentelles-montmirail-escalade-15-1.jpg 598w, http:\/\/gite-barroux.fr\/wp-content\/uploads\/2022\/08\/dentelles-montmirail-escalade-15-1-207x300.jpg 207w\" sizes=\"auto, (max-width: 598px) 100vw, 598px\" \/><figcaption>Escalade aux Dentelles de Montmirail<\/figcaption><\/figure>\n\n\n\n<figure class=\"wp-block-image size-large\"><img loading=\"lazy\" decoding=\"async\" width=\"950\" height=\"500\" data-id=\"247\" src=\"http:\/\/collegiaps.cluster007.ovh.net\/gite\/wp-content\/uploads\/2022\/08\/beaumes-de-venise.jpg\" alt=\"\" class=\"wp-image-247\" srcset=\"http:\/\/gite-barroux.fr\/wp-content\/uploads\/2022\/08\/beaumes-de-venise.jpg 950w, http:\/\/gite-barroux.fr\/wp-content\/uploads\/2022\/08\/beaumes-de-venise-300x158.jpg 300w, http:\/\/gite-barroux.fr\/wp-content\/uploads\/2022\/08\/beaumes-de-venise-768x404.jpg 768w\" sizes=\"auto, (max-width: 950px) 100vw, 950px\" \/><figcaption>Caves de Beaumes de Venise<\/figcaption><\/figure>\n\n\n\n<figure class=\"wp-block-image size-large\"><img loading=\"lazy\" decoding=\"async\" width=\"950\" height=\"500\" data-id=\"248\" src=\"http:\/\/collegiaps.cluster007.ovh.net\/gite\/wp-content\/uploads\/2022\/08\/degustation.jpg\" alt=\"\" class=\"wp-image-248\" srcset=\"http:\/\/gite-barroux.fr\/wp-content\/uploads\/2022\/08\/degustation.jpg 950w, http:\/\/gite-barroux.fr\/wp-content\/uploads\/2022\/08\/degustation-300x158.jpg 300w, http:\/\/gite-barroux.fr\/wp-content\/uploads\/2022\/08\/degustation-768x404.jpg 768w\" sizes=\"auto, (max-width: 950px) 100vw, 950px\" \/><figcaption>D\u00e9gustation de vin<\/figcaption><\/figure>\n<\/figure>\n","protected":false},"excerpt":{"rendered":"<p>Lac du Paty en direction de Caromb P\u00eache \u00c9quitation \u00e0 l\u2019\u00c9curie des Garances de Malauc\u00e8ne (stages tous niveaux et promenades) Randonn\u00e9es p\u00e9destres et tours cyclistes dans le massif du Ventoux, les Dentelles de Montmirail, les monts de Vaucluse, le Lub\u00e9ron&#8230; D\u00e9couverte des gorges du Toulourenc et de la source du Groseau \u00e0 Malauc\u00e8ne. V\u00e9lo de [&hellip;]<\/p>\n","protected":false},"author":1,"featured_media":225,"parent":0,"menu_order":0,"comment_status":"closed","ping_status":"closed","template":"","meta":{"footnotes":""},"class_list":["post-108","page","type-page","status-publish","has-post-thumbnail","hentry"],"yoast_head":"<!-- This site is optimized with the Yoast SEO plugin v27.4 - https:\/\/yoast.com\/product\/yoast-seo-wordpress\/ -->\n<title>Loisirs - G\u00eete de Bois Long - Le Barroux - Provence<\/title>\n<meta name=\"robots\" content=\"index, follow, max-snippet:-1, max-image-preview:large, max-video-preview:-1\" \/>\n<link rel=\"canonical\" href=\"https:\/\/gite-barroux.fr\/index.php\/loisirs\/\" \/>\n<meta property=\"og:locale\" content=\"fr_FR\" \/>\n<meta property=\"og:type\" content=\"article\" \/>\n<meta property=\"og:title\" content=\"Loisirs - G\u00eete de Bois Long - Le Barroux - Provence\" \/>\n<meta property=\"og:description\" content=\"Lac du Paty en direction de Caromb P\u00eache \u00c9quitation \u00e0 l\u2019\u00c9curie des Garances de Malauc\u00e8ne (stages tous niveaux et promenades) Randonn\u00e9es p\u00e9destres et tours cyclistes dans le massif du Ventoux, les Dentelles de Montmirail, les monts de Vaucluse, le Lub\u00e9ron&#8230; D\u00e9couverte des gorges du Toulourenc et de la source du Groseau \u00e0 Malauc\u00e8ne. V\u00e9lo de [&hellip;]\" \/>\n<meta property=\"og:url\" content=\"https:\/\/gite-barroux.fr\/index.php\/loisirs\/\" \/>\n<meta property=\"og:site_name\" content=\"G\u00eete de Bois Long - Le Barroux - Provence\" \/>\n<meta property=\"article:modified_time\" content=\"2022-08-15T12:51:36+00:00\" \/>\n<meta property=\"og:image\" content=\"https:\/\/gite-barroux.fr\/wp-content\/uploads\/2022\/08\/toulourenc.jpg\" \/>\n\t<meta property=\"og:image:width\" content=\"1800\" \/>\n\t<meta property=\"og:image:height\" content=\"1200\" \/>\n\t<meta property=\"og:image:type\" content=\"image\/jpeg\" \/>\n<meta name=\"twitter:card\" content=\"summary_large_image\" \/>\n<meta name=\"twitter:label1\" content=\"Dur\u00e9e de lecture estim\u00e9e\" \/>\n\t<meta name=\"twitter:data1\" content=\"1 minute\" \/>\n<script type=\"application\/ld+json\" class=\"yoast-schema-graph\">{\"@context\":\"https:\\\/\\\/schema.org\",\"@graph\":[{\"@type\":\"WebPage\",\"@id\":\"https:\\\/\\\/gite-barroux.fr\\\/index.php\\\/loisirs\\\/\",\"url\":\"https:\\\/\\\/gite-barroux.fr\\\/index.php\\\/loisirs\\\/\",\"name\":\"Loisirs - G\u00eete de Bois Long - Le Barroux - Provence\",\"isPartOf\":{\"@id\":\"https:\\\/\\\/gite-barroux.fr\\\/#website\"},\"primaryImageOfPage\":{\"@id\":\"https:\\\/\\\/gite-barroux.fr\\\/index.php\\\/loisirs\\\/#primaryimage\"},\"image\":{\"@id\":\"https:\\\/\\\/gite-barroux.fr\\\/index.php\\\/loisirs\\\/#primaryimage\"},\"thumbnailUrl\":\"http:\\\/\\\/gite-barroux.fr\\\/wp-content\\\/uploads\\\/2022\\\/08\\\/toulourenc.jpg\",\"datePublished\":\"2022-08-14T11:49:11+00:00\",\"dateModified\":\"2022-08-15T12:51:36+00:00\",\"breadcrumb\":{\"@id\":\"https:\\\/\\\/gite-barroux.fr\\\/index.php\\\/loisirs\\\/#breadcrumb\"},\"inLanguage\":\"fr-FR\",\"potentialAction\":[{\"@type\":\"ReadAction\",\"target\":[\"https:\\\/\\\/gite-barroux.fr\\\/index.php\\\/loisirs\\\/\"]}]},{\"@type\":\"ImageObject\",\"inLanguage\":\"fr-FR\",\"@id\":\"https:\\\/\\\/gite-barroux.fr\\\/index.php\\\/loisirs\\\/#primaryimage\",\"url\":\"http:\\\/\\\/gite-barroux.fr\\\/wp-content\\\/uploads\\\/2022\\\/08\\\/toulourenc.jpg\",\"contentUrl\":\"http:\\\/\\\/gite-barroux.fr\\\/wp-content\\\/uploads\\\/2022\\\/08\\\/toulourenc.jpg\",\"width\":1800,\"height\":1200,\"caption\":\"Promenade aquatique aux gorges du Toulourenc\"},{\"@type\":\"BreadcrumbList\",\"@id\":\"https:\\\/\\\/gite-barroux.fr\\\/index.php\\\/loisirs\\\/#breadcrumb\",\"itemListElement\":[{\"@type\":\"ListItem\",\"position\":1,\"name\":\"Accueil\",\"item\":\"http:\\\/\\\/gite-barroux.fr\\\/\"},{\"@type\":\"ListItem\",\"position\":2,\"name\":\"Loisirs\"}]},{\"@type\":\"WebSite\",\"@id\":\"https:\\\/\\\/gite-barroux.fr\\\/#website\",\"url\":\"https:\\\/\\\/gite-barroux.fr\\\/\",\"name\":\"G\u00eete de Bois Long - Le Barroux - Provence\",\"description\":\"H\u00e9bergement en Provence, au pied de l&#039;Abbaye du Barroux, entre le Mont Ventoux et les Dentelles de Montmirail\",\"publisher\":{\"@id\":\"https:\\\/\\\/gite-barroux.fr\\\/#organization\"},\"potentialAction\":[{\"@type\":\"SearchAction\",\"target\":{\"@type\":\"EntryPoint\",\"urlTemplate\":\"https:\\\/\\\/gite-barroux.fr\\\/?s={search_term_string}\"},\"query-input\":{\"@type\":\"PropertyValueSpecification\",\"valueRequired\":true,\"valueName\":\"search_term_string\"}}],\"inLanguage\":\"fr-FR\"},{\"@type\":\"Organization\",\"@id\":\"https:\\\/\\\/gite-barroux.fr\\\/#organization\",\"name\":\"G\u00eete de Bois Long\",\"url\":\"https:\\\/\\\/gite-barroux.fr\\\/\",\"logo\":{\"@type\":\"ImageObject\",\"inLanguage\":\"fr-FR\",\"@id\":\"https:\\\/\\\/gite-barroux.fr\\\/#\\\/schema\\\/logo\\\/image\\\/\",\"url\":\"http:\\\/\\\/gite-barroux.fr\\\/wp-content\\\/uploads\\\/2022\\\/08\\\/3-etoiles-meuble-de-tourisme.png\",\"contentUrl\":\"http:\\\/\\\/gite-barroux.fr\\\/wp-content\\\/uploads\\\/2022\\\/08\\\/3-etoiles-meuble-de-tourisme.png\",\"width\":300,\"height\":150,\"caption\":\"G\u00eete de Bois Long\"},\"image\":{\"@id\":\"https:\\\/\\\/gite-barroux.fr\\\/#\\\/schema\\\/logo\\\/image\\\/\"}}]}<\/script>\n<!-- \/ Yoast SEO plugin. -->","yoast_head_json":{"title":"Loisirs - G\u00eete de Bois Long - Le Barroux - Provence","robots":{"index":"index","follow":"follow","max-snippet":"max-snippet:-1","max-image-preview":"max-image-preview:large","max-video-preview":"max-video-preview:-1"},"canonical":"https:\/\/gite-barroux.fr\/index.php\/loisirs\/","og_locale":"fr_FR","og_type":"article","og_title":"Loisirs - G\u00eete de Bois Long - Le Barroux - Provence","og_description":"Lac du Paty en direction de Caromb P\u00eache \u00c9quitation \u00e0 l\u2019\u00c9curie des Garances de Malauc\u00e8ne (stages tous niveaux et promenades) Randonn\u00e9es p\u00e9destres et tours cyclistes dans le massif du Ventoux, les Dentelles de Montmirail, les monts de Vaucluse, le Lub\u00e9ron&#8230; D\u00e9couverte des gorges du Toulourenc et de la source du Groseau \u00e0 Malauc\u00e8ne. V\u00e9lo de [&hellip;]","og_url":"https:\/\/gite-barroux.fr\/index.php\/loisirs\/","og_site_name":"G\u00eete de Bois Long - Le Barroux - Provence","article_modified_time":"2022-08-15T12:51:36+00:00","og_image":[{"width":1800,"height":1200,"url":"https:\/\/gite-barroux.fr\/wp-content\/uploads\/2022\/08\/toulourenc.jpg","type":"image\/jpeg"}],"twitter_card":"summary_large_image","twitter_misc":{"Dur\u00e9e de lecture estim\u00e9e":"1 minute"},"schema":{"@context":"https:\/\/schema.org","@graph":[{"@type":"WebPage","@id":"https:\/\/gite-barroux.fr\/index.php\/loisirs\/","url":"https:\/\/gite-barroux.fr\/index.php\/loisirs\/","name":"Loisirs - G\u00eete de Bois Long - Le Barroux - Provence","isPartOf":{"@id":"https:\/\/gite-barroux.fr\/#website"},"primaryImageOfPage":{"@id":"https:\/\/gite-barroux.fr\/index.php\/loisirs\/#primaryimage"},"image":{"@id":"https:\/\/gite-barroux.fr\/index.php\/loisirs\/#primaryimage"},"thumbnailUrl":"http:\/\/gite-barroux.fr\/wp-content\/uploads\/2022\/08\/toulourenc.jpg","datePublished":"2022-08-14T11:49:11+00:00","dateModified":"2022-08-15T12:51:36+00:00","breadcrumb":{"@id":"https:\/\/gite-barroux.fr\/index.php\/loisirs\/#breadcrumb"},"inLanguage":"fr-FR","potentialAction":[{"@type":"ReadAction","target":["https:\/\/gite-barroux.fr\/index.php\/loisirs\/"]}]},{"@type":"ImageObject","inLanguage":"fr-FR","@id":"https:\/\/gite-barroux.fr\/index.php\/loisirs\/#primaryimage","url":"http:\/\/gite-barroux.fr\/wp-content\/uploads\/2022\/08\/toulourenc.jpg","contentUrl":"http:\/\/gite-barroux.fr\/wp-content\/uploads\/2022\/08\/toulourenc.jpg","width":1800,"height":1200,"caption":"Promenade aquatique aux gorges du Toulourenc"},{"@type":"BreadcrumbList","@id":"https:\/\/gite-barroux.fr\/index.php\/loisirs\/#breadcrumb","itemListElement":[{"@type":"ListItem","position":1,"name":"Accueil","item":"http:\/\/gite-barroux.fr\/"},{"@type":"ListItem","position":2,"name":"Loisirs"}]},{"@type":"WebSite","@id":"https:\/\/gite-barroux.fr\/#website","url":"https:\/\/gite-barroux.fr\/","name":"G\u00eete de Bois Long - Le Barroux - Provence","description":"H\u00e9bergement en Provence, au pied de l&#039;Abbaye du Barroux, entre le Mont Ventoux et les Dentelles de Montmirail","publisher":{"@id":"https:\/\/gite-barroux.fr\/#organization"},"potentialAction":[{"@type":"SearchAction","target":{"@type":"EntryPoint","urlTemplate":"https:\/\/gite-barroux.fr\/?s={search_term_string}"},"query-input":{"@type":"PropertyValueSpecification","valueRequired":true,"valueName":"search_term_string"}}],"inLanguage":"fr-FR"},{"@type":"Organization","@id":"https:\/\/gite-barroux.fr\/#organization","name":"G\u00eete de Bois Long","url":"https:\/\/gite-barroux.fr\/","logo":{"@type":"ImageObject","inLanguage":"fr-FR","@id":"https:\/\/gite-barroux.fr\/#\/schema\/logo\/image\/","url":"http:\/\/gite-barroux.fr\/wp-content\/uploads\/2022\/08\/3-etoiles-meuble-de-tourisme.png","contentUrl":"http:\/\/gite-barroux.fr\/wp-content\/uploads\/2022\/08\/3-etoiles-meuble-de-tourisme.png","width":300,"height":150,"caption":"G\u00eete de Bois Long"},"image":{"@id":"https:\/\/gite-barroux.fr\/#\/schema\/logo\/image\/"}}]}},"_links":{"self":[{"href":"http:\/\/gite-barroux.fr\/index.php\/wp-json\/wp\/v2\/pages\/108","targetHints":{"allow":["GET"]}}],"collection":[{"href":"http:\/\/gite-barroux.fr\/index.php\/wp-json\/wp\/v2\/pages"}],"about":[{"href":"http:\/\/gite-barroux.fr\/index.php\/wp-json\/wp\/v2\/types\/page"}],"author":[{"embeddable":true,"href":"http:\/\/gite-barroux.fr\/index.php\/wp-json\/wp\/v2\/users\/1"}],"replies":[{"embeddable":true,"href":"http:\/\/gite-barroux.fr\/index.php\/wp-json\/wp\/v2\/comments?post=108"}],"version-history":[{"count":8,"href":"http:\/\/gite-barroux.fr\/index.php\/wp-json\/wp\/v2\/pages\/108\/revisions"}],"predecessor-version":[{"id":316,"href":"http:\/\/gite-barroux.fr\/index.php\/wp-json\/wp\/v2\/pages\/108\/revisions\/316"}],"wp:featuredmedia":[{"embeddable":true,"href":"http:\/\/gite-barroux.fr\/index.php\/wp-json\/wp\/v2\/media\/225"}],"wp:attachment":[{"href":"http:\/\/gite-barroux.fr\/index.php\/wp-json\/wp\/v2\/media?parent=108"}],"curies":[{"name":"wp","href":"https:\/\/api.w.org\/{rel}","templated":true}]}}